{"id":1372,"date":"2025-08-30T13:56:27","date_gmt":"2025-08-30T16:56:27","guid":{"rendered":"https:\/\/professores.uepb.edu.br\/wilker\/?page_id=1372"},"modified":"2026-03-19T20:57:51","modified_gmt":"2026-03-19T23:57:51","slug":"scientific-production","status":"publish","type":"page","link":"https:\/\/professores.uepb.edu.br\/wilker\/teaching\/scientific-production\/","title":{"rendered":"Scientific Production"},"content":{"rendered":"<div class=\"wpb-content-wrapper\"><p>[vc_row][vc_column width=&#8221;2\/3&#8243;][vc_column_text css=&#8221;&#8221;]<\/p>\n<div class=\"adn ads\" data-message-id=\"#msg-a:r-7063803493349559056\" data-legacy-message-id=\"198f09b4acf0e440\">\n<div class=\"gs\">\n<div class=\"\">\n<div id=\":14w\" class=\"ii gt\">\n<div id=\":14v\" class=\"a3s aiL \" role=\"region\" aria-label=\"Message body\">\n<div dir=\"ltr\">\n<div class=\"gmail_default\">\n<p style=\"text-align: justify\">The purpose of this course is to present to graduate students the general aspects of:<\/p>\n<ul>\n<li style=\"text-align: justify\">scientific production<\/li>\n<li style=\"text-align: justify\">paper preparation<\/li>\n<li style=\"text-align: justify\">IMRAD style<\/li>\n<li style=\"text-align: justify\">writing and submission process.<\/li>\n<\/ul>\n<\/div>\n<\/div>\n<\/div>\n<\/div>\n<\/div>\n<\/div>\n<\/div>\n<p>[\/vc_column_text][vc_text_separator title=&#8221;Steps&#8221; i_icon_fontawesome=&#8221;fas fa-tasks&#8221; i_color=&#8221;custom&#8221; title_align=&#8221;separator_align_left&#8221; css=&#8221;&#8221; add_icon=&#8221;true&#8221; i_custom_color=&#8221;#DD3333&#8243;][vc_column_text css=&#8221;&#8221;]<\/p>\n<div class=\"adn ads\" data-message-id=\"#msg-a:r-7063803493349559056\" data-legacy-message-id=\"198f09b4acf0e440\">\n<div class=\"gs\">\n<div class=\"\">\n<div id=\":14w\" class=\"ii gt\">\n<div id=\":14v\" class=\"a3s aiL \" role=\"region\" aria-label=\"Message body\">\n<div dir=\"ltr\">\n<div class=\"gmail_default\">\n<ul>\n<li>Part I: Fundamentals.<\/li>\n<li>Part II: Paper writing.<\/li>\n<li>Part III: Final project.<\/li>\n<\/ul>\n<\/div>\n<\/div>\n<\/div>\n<\/div>\n<\/div>\n<\/div>\n<\/div>\n<p>[\/vc_column_text][vc_text_separator title=&#8221;Bibliography&#8221; i_type=&#8221;entypo&#8221; i_icon_entypo=&#8221;entypo-icon entypo-icon-book&#8221; i_color=&#8221;custom&#8221; title_align=&#8221;separator_align_left&#8221; css=&#8221;&#8221; add_icon=&#8221;true&#8221; i_custom_color=&#8221;#DD3333&#8243;][vc_column_text css=&#8221;&#8221;]<\/p>\n<div class=\"adn ads\" data-message-id=\"#msg-a:r-7063803493349559056\" data-legacy-message-id=\"198f09b4acf0e440\">\n<div class=\"gs\">\n<div class=\"\">\n<div id=\":14w\" class=\"ii gt\">\n<div id=\":14v\" class=\"a3s aiL \" role=\"region\" aria-label=\"Message body\">\n<div dir=\"ltr\">\n<ul style=\"text-align: justify\">\n<li class=\"gmail_default\"><a href=\"https:\/\/www.amazon.com.br\/Elementos-Escrita-Cient%C3%ADfica-Pesquisador-Iniciante\/dp\/6589367566\" target=\"_blank\" rel=\"noopener\">Book<\/a>: <em>Elementos da Escrita Cient\u00edfica para o Pesquisador Iniciante<\/em>, by Moritz and Almeida.<\/li>\n<li><a href=\"https:\/\/www.amazon.com.br\/Pl%C3%A1gio-Palavras-Escondidas-Debora-Diniz\/dp\/859807036X\" target=\"_blank\" rel=\"noopener\">Book<\/a>: <em>Pl\u00e1gio: Palavras escondidas<\/em>, by D\u00e9bora Diniz.<\/li>\n<li><a href=\"https:\/\/www.amazon.com.br\/Reda%C3%A7%C3%A3o-Cient%C3%ADfica-Pr%C3%A1tica-Fichamentos-Resenhas\/dp\/8527709090\" target=\"_blank\" rel=\"noopener\">Book<\/a>: <em>Reda\u00e7\u00e3o Cient\u00edfica. A pr\u00e1tica de fichamentos, resumos, resenhas<\/em>, by Paulo Abrahamsohn.<\/li>\n<li><a href=\"https:\/\/www.amazon.com\/Technical-Writing-Scientists-Nontechnical-Professionals\/dp\/1138628107\" target=\"_blank\" rel=\"noopener\">Book<\/a>: <em>Technical Writing: A Practical Guide for Engineers, Scientists, and Nontechnical Professionals<\/em>, by Phillip Laplante.<\/li>\n<li><a href=\"https:\/\/link.springer.com\/book\/10.1007\/978-3-319-31650-5\" target=\"_blank\" rel=\"noopener\" data-saferedirecturl=\"https:\/\/www.google.com\/url?q=https:\/\/link.springer.com\/book\/10.1007\/978-3-319-31650-5&amp;source=gmail&amp;ust=1756658573232000&amp;usg=AOvVaw0MWwQ_5yqztEgV73ASalk5\">Book:<\/a>\u00a0<em>Writing for Publication<\/em>, by Jalongo and Saracho.<\/li>\n<li><a href=\"https:\/\/www.reciis.icict.fiocruz.br\/index.php\/reciis\/article\/view\/932\" target=\"_blank\" rel=\"noopener\">Paper<\/a>: <em>M\u00e9todo l\u00f3gico para reda\u00e7\u00e3o cient\u00edfica<\/em>, by Gilson Volpato.<\/li>\n<\/ul>\n<\/div>\n<\/div>\n<\/div>\n<\/div>\n<\/div>\n<\/div>\n<p>[\/vc_column_text][vc_text_separator title=&#8221;Supplementary materials&#8221; i_type=&#8221;entypo&#8221; i_icon_entypo=&#8221;entypo-icon entypo-icon-briefcase&#8221; i_color=&#8221;custom&#8221; title_align=&#8221;separator_align_left&#8221; css=&#8221;&#8221; add_icon=&#8221;true&#8221; i_custom_color=&#8221;#DD3333&#8243;][vc_column_text css=&#8221;&#8221;]<\/p>\n<div class=\"adn ads\" data-message-id=\"#msg-a:r-7063803493349559056\" data-legacy-message-id=\"198f09b4acf0e440\">\n<div class=\"gs\">\n<div class=\"\">\n<div id=\":14w\" class=\"ii gt\">\n<div id=\":14v\" class=\"a3s aiL \" role=\"region\" aria-label=\"Message body\">\n<div dir=\"ltr\">\n<div class=\"gmail_default\">\n<p>Additional contents for brainstorming, discussion and in-class debates:<\/p>\n<ul style=\"text-align: justify\">\n<li>Papers for in-class analysis.<\/li>\n<li><a href=\"https:\/\/journals.aps.org\/prl\/abstract\/10.1103\/PhysRevLett.114.191803\" target=\"_blank\" rel=\"noopener\">Paper<\/a> about Higgs Boson with 5154 authors.<\/li>\n<li><em><a href=\"https:\/\/www.shuyiwrites.com\/uploads\/1\/3\/0\/4\/130438914\/how_to_write_and_publish_a_scientific_paper.pdf\" target=\"_blank\" rel=\"noopener\">Book<\/a>: How to Write and Publish a Scientific Paper, <\/em>by Prof. Barbara Gastel.<\/li>\n<li><a href=\"http:\/\/people.math.sfu.ca\/~stockie\/research\/cfdgroup\/Socolofsky2004.pdf\" target=\"_blank\" rel=\"noopener\"><em>How to write a research journal article in engineering and science<\/em><\/a>, by S. A. Socolofsky.<\/li>\n<li><a href=\"https:\/\/www.reciis.icict.fiocruz.br\/index.php\/reciis\/article\/view\/932\" target=\"_blank\" rel=\"noopener\">Paper<\/a>:\u00a0<em>The logical method for scienfic writing<\/em>, by G. L. Volpato.<\/li>\n<li><a href=\"https:\/\/kent-and.github.io\/OnWriting.pdf\" target=\"_blank\" rel=\"noopener\" data-saferedirecturl=\"https:\/\/www.google.com\/url?q=https:\/\/kent-and.github.io\/OnWriting.pdf&amp;source=gmail&amp;ust=1756658573232000&amp;usg=AOvVaw2hMsHGpjOykr2Z9NCaUiid\">How to write a thesis and how a thesis is evalutated<\/a>, by Kent-Andre Mardal.<\/li>\n<\/ul>\n<\/div>\n<\/div>\n<\/div>\n<\/div>\n<\/div>\n<\/div>\n<\/div>\n<p>[\/vc_column_text][vc_text_separator title=&#8221;Resources&#8221; i_icon_fontawesome=&#8221;fas fa-file-download&#8221; i_color=&#8221;custom&#8221; title_align=&#8221;separator_align_left&#8221; css=&#8221;&#8221; add_icon=&#8221;true&#8221; i_custom_color=&#8221;#DD3333&#8243;][vc_column_text css=&#8221;&#8221;]<\/p>\n<div class=\"adn ads\" data-message-id=\"#msg-a:r-7063803493349559056\" data-legacy-message-id=\"198f09b4acf0e440\">\n<div class=\"gs\">\n<div class=\"\">\n<div id=\":14w\" class=\"ii gt\">\n<div id=\":14v\" class=\"a3s aiL \" role=\"region\" aria-label=\"Message body\">\n<div dir=\"ltr\">\n<div class=\"gmail_default\">\n<ul style=\"text-align: justify\">\n<li><a href=\"https:\/\/www.amazon.com.br\/Como-Escrever-Tese-Sonia-Vieira\/dp\/8522449759\" target=\"_blank\" rel=\"noopener\">Book<\/a>: <em>Como escrever uma tese<\/em>, by S\u00f4nia Vieira.<\/li>\n<li><a href=\"https:\/\/www.springer.com\/us\/book\/9783319260921\" target=\"_blank\" rel=\"noopener\" data-saferedirecturl=\"https:\/\/www.google.com\/url?q=https:\/\/www.springer.com\/us\/book\/9783319260921&amp;source=gmail&amp;ust=1756658573232000&amp;usg=AOvVaw2-JrQXv1yhbFH7azr47zXz\">Book:<\/a>\u00a0<em>English for Writing Research Papers<\/em>, by A. Wallwork.<\/li>\n<li><a href=\"https:\/\/link.springer.com\/book\/10.1007\/978-3-319-47831-9\" target=\"_blank\" rel=\"noopener\" data-saferedirecturl=\"https:\/\/www.google.com\/url?q=https:\/\/link.springer.com\/book\/10.1007\/978-3-319-47831-9&amp;source=gmail&amp;ust=1756658573232000&amp;usg=AOvVaw3fE7sdoulnk8f_3ac8dtCl\">Book:<\/a>\u00a0<em>LaTeX in 24 hours<\/em>, by D. Datta.<\/li>\n<li><a href=\"https:\/\/www.springer.com\/gp\/book\/9789400777132\" target=\"_blank\" rel=\"noopener\" data-saferedirecturl=\"https:\/\/www.google.com\/url?q=https:\/\/www.springer.com\/gp\/book\/9789400777132&amp;source=gmail&amp;ust=1756658573232000&amp;usg=AOvVaw3C8uafctnbJyetDY7c9At2\">Book:<\/a>\u00a0<em>Writing and Publishing Science Research Papers in English &#8211; A Global Perspective<\/em>, by K. Englander.<\/li>\n<li><a href=\"https:\/\/drive.google.com\/file\/d\/1cc_czJKNHCeyrxkfXuBoMqKHINbTVpu1\/view?usp=drive_link\" target=\"_blank\" rel=\"noopener\">Guide<\/a>: Orienta\u00e7\u00f5es de acesso ao Capes Peri\u00f3dicos via CAFe.<\/li>\n<li><a href=\"https:\/\/mauriciotuffani.blogfolha.uol.com.br\/2015\/04\/01\/o-qualis-e-o-silencio-dos-pesquisadores-brasileiros\/\" target=\"_blank\" rel=\"noopener\" data-saferedirecturl=\"https:\/\/www.google.com\/url?q=https:\/\/mauriciotuffani.blogfolha.uol.com.br\/2015\/04\/01\/o-qualis-e-o-silencio-dos-pesquisadores-brasileiros\/&amp;source=gmail&amp;ust=1756658573232000&amp;usg=AOvVaw1k_YJpkeA1KubDcB-RRGh3\">Post:<\/a>\u00a0<em>O Qualis e o sil\u00eancio dos pesquisadores brasileiros<\/em>, by M. Tuffani.<\/li>\n<li><a href=\"https:\/\/www.plagiarismtoday.com\/stopping-internet-plagiarism\/\" target=\"_blank\" rel=\"noopener\" data-saferedirecturl=\"https:\/\/www.google.com\/url?q=https:\/\/www.plagiarismtoday.com\/stopping-internet-plagiarism\/&amp;source=gmail&amp;ust=1756658573232000&amp;usg=AOvVaw0KuGB6Ds4gGh5LLsup34_g\">Post:<\/a>\u00a0<em>Stop Internet Plagiarism<\/em>, by Plagiarism Today.<\/li>\n<li><a href=\"https:\/\/writingcenter.unc.edu\/tips-and-tools\/\" target=\"_blank\" rel=\"noopener\" data-saferedirecturl=\"https:\/\/www.google.com\/url?q=https:\/\/writingcenter.unc.edu\/tips-and-tools\/&amp;source=gmail&amp;ust=1756658573232000&amp;usg=AOvVaw2eVEND_bco03KYm_WyNU8d\">Site:<\/a>\u00a0<em>The Writing Center<\/em>, UNC at Chapel Hill.<\/li>\n<li><a href=\"https:\/\/researcheracademy.elsevier.com\/\" target=\"_blank\" rel=\"noopener\" data-saferedirecturl=\"https:\/\/www.google.com\/url?q=https:\/\/researcheracademy.elsevier.com\/&amp;source=gmail&amp;ust=1756658573232000&amp;usg=AOvVaw23ftNbkooHd4cPhlUmA-Mw\">Site:<\/a>\u00a0<em>Elsevier Researcher Academy<\/em>, by Elsevier.<\/li>\n<\/ul>\n<\/div>\n<\/div>\n<\/div>\n<\/div>\n<\/div>\n<\/div>\n<\/div>\n<p>[\/vc_column_text][\/vc_column][vc_column width=&#8221;1\/3&#8243; el_class=&#8221;conf-vermelho&#8221;][vc_text_separator title=&#8221;Complementary Research Tools and Reference Management&#8221; i_icon_fontawesome=&#8221;fas fa-file-download&#8221; i_color=&#8221;custom&#8221; title_align=&#8221;separator_align_left&#8221; css=&#8221;&#8221; add_icon=&#8221;true&#8221; i_custom_color=&#8221;#DD3333&#8243;][vc_column_text css=&#8221;&#8221;]<\/p>\n<div class=\"adn ads\" data-message-id=\"#msg-a:r-7063803493349559056\" data-legacy-message-id=\"198f09b4acf0e440\">\n<div class=\"gs\">\n<div class=\"\">\n<div id=\":14w\" class=\"ii gt\">\n<div id=\":14v\" class=\"a3s aiL \" role=\"region\" aria-label=\"Message body\">\n<div dir=\"ltr\">\n<div class=\"gmail_default\">\n<ul style=\"text-align: justify;\">\n<li><a href=\"http:\/\/overleaf.com\/\" target=\"_blank\" rel=\"noopener\">Overleaf, Online LaTeX Editor<\/a><\/li>\n<li><a href=\"http:\/\/stackedit.io\/\" target=\"_blank\" rel=\"noopener\">StackEdit: in-browser markdown editor<\/a><\/li>\n<li><a href=\"http:\/\/zotero.org\/\" target=\"_blank\" rel=\"noopener\">Zotero<\/a><\/li>\n<li><a href=\"http:\/\/mendeley.com\/\" target=\"_blank\" rel=\"noopener\">Mendeley<\/a>\n<ul>\n<li style=\"list-style-type: none;\">\n<ul>\n<li>\n<div class=\"nova-legacy-e-text nova-legacy-e-text--size-xl nova-legacy-e-text--family-display nova-legacy-e-text--spacing-xs nova-legacy-e-text--color-inherit\"><a href=\"https:\/\/www.researchgate.net\/profile\/Aretha-Guimaraes\/publication\/328365985_Tutorial_de_como_utilizar_o_programa_Mendeley\/links\/5bc8ba77299bf17a1c5ca671\/Tutorial-de-como-utilizar-o-programa-Mendeley.pdf?origin=publicationDetail&amp;_sg%5B0%5D=C98e1se5caJpych3Iw-ShO5iiF19GNq6Qexm2DnnxnoxqHVNSiCICKzuPb349MDgiRcehc98DSnO8kypHLC7Gg.el8kXTUQ3v8wyG7JQnJdU4eVEBf-32rjBYvLMa72tCwU_fRZuT4VxcfX_w-eFIRQNIlSBC-V4Ko79cD_D_Bdhw&amp;_sg%5B1%5D=gPtNeItxkCLWLA6PPfIcf_3mUl49nK0wu-pTPwOMpfIK9Z0aFMsDzha51xM9YAKf9SjupzMa8v8acNX8fHpbO-71sbSQ91WlhtYf1HTVNbMf.el8kXTUQ3v8wyG7JQnJdU4eVEBf-32rjBYvLMa72tCwU_fRZuT4VxcfX_w-eFIRQNIlSBC-V4Ko79cD_D_Bdhw&amp;_iepl=&amp;_rtd=eyJjb250ZW50SW50ZW50IjoibWFpbkl0ZW0ifQ%3D%3D&amp;_tp=eyJjb250ZXh0Ijp7ImZpcnN0UGFnZSI6InB1YmxpY2F0aW9uIiwicGFnZSI6InB1YmxpY2F0aW9uIiwicG9zaXRpb24iOiJwYWdlSGVhZGVyIn19\" target=\"_blank\" rel=\"noopener\">Tutorial de como utilizar o programa Mendeley<\/a>, by <span role=\"status\">A. F. Guimar\u00e3es<\/span><\/div>\n<\/li>\n<\/ul>\n<\/li>\n<\/ul>\n<\/li>\n<li><a href=\"http:\/\/orcid.org\/\" target=\"_blank\" rel=\"noopener\">ORCID<\/a>\n<ul>\n<li style=\"list-style-type: none;\">\n<ul>\n<li>\n<div class=\"nova-legacy-e-text nova-legacy-e-text--size-xl nova-legacy-e-text--family-display nova-legacy-e-text--spacing-xs nova-legacy-e-text--color-inherit\"><a href=\"https:\/\/www.abcd.usp.br\/wp-content\/uploads\/2017\/01\/Tutorial_ORCID_SIBiUSP_rev_Final_Dez_2016.pdf\" target=\"_blank\" rel=\"noopener\">Tutorial para uso do ORCID<\/a><\/div>\n<\/li>\n<\/ul>\n<\/li>\n<\/ul>\n<\/li>\n<li><a href=\"http:\/\/scopus.com\/\" target=\"_blank\" rel=\"noopener\">Scopus Author Search<\/a><\/li>\n<li><a href=\"https:\/\/www.readcube.com\/\" target=\"_blank\" rel=\"noopener\">Readcube<\/a><\/li>\n<li><a href=\"https:\/\/endnote.com\/\" target=\"_blank\" rel=\"noopener\">Endnote<\/a><\/li>\n<li><a href=\"https:\/\/bibdesk.sourceforge.io\/\" target=\"_blank\" rel=\"noopener\">Bibdesk<\/a><\/li>\n<li><a href=\"https:\/\/www.jabref.org\/\" target=\"_blank\" rel=\"noopener\">Jabref<\/a><\/li>\n<\/ul>\n<\/div>\n<\/div>\n<\/div>\n<\/div>\n<\/div>\n<\/div>\n<\/div>\n<p>[\/vc_column_text][vc_text_separator title=&#8221;Systematic Mapping&#8221; i_icon_fontawesome=&#8221;fas fa-file-download&#8221; i_color=&#8221;custom&#8221; title_align=&#8221;separator_align_left&#8221; css=&#8221;&#8221; add_icon=&#8221;true&#8221; i_custom_color=&#8221;#DD3333&#8243;][vc_column_text css=&#8221;&#8221;]<\/p>\n<div class=\"adn ads\" data-message-id=\"#msg-a:r-7063803493349559056\" data-legacy-message-id=\"198f09b4acf0e440\">\n<div class=\"gs\">\n<div class=\"\">\n<div id=\":14w\" class=\"ii gt\">\n<div id=\":14v\" class=\"a3s aiL \" role=\"region\" aria-label=\"Message body\">\n<div dir=\"ltr\">\n<div class=\"gmail_default\">\n<ul style=\"text-align: justify\">\n<li><a href=\"https:\/\/parsif.al\/\" target=\"_blank\" rel=\"noopener\">Parsifal<\/a><\/li>\n<\/ul>\n<\/div>\n<\/div>\n<\/div>\n<\/div>\n<\/div>\n<\/div>\n<\/div>\n<p>[\/vc_column_text][vc_text_separator title=&#8221;Software, Platforms, and Programming Languages&#8221; i_icon_fontawesome=&#8221;fas fa-file-download&#8221; i_color=&#8221;custom&#8221; title_align=&#8221;separator_align_left&#8221; css=&#8221;&#8221; add_icon=&#8221;true&#8221; i_custom_color=&#8221;#DD3333&#8243;][vc_column_text css=&#8221;&#8221;]<\/p>\n<div class=\"adn ads\" data-message-id=\"#msg-a:r-7063803493349559056\" data-legacy-message-id=\"198f09b4acf0e440\">\n<div class=\"gs\">\n<div class=\"\">\n<div id=\":14w\" class=\"ii gt\">\n<div id=\":14v\" class=\"a3s aiL \" role=\"region\" aria-label=\"Message body\">\n<div dir=\"ltr\">\n<div class=\"gmail_default\">\n<ul style=\"text-align: justify\">\n<li><a href=\"https:\/\/artia.com\/software-de-gestao-de-projetos\/?utm_source=google&amp;utm_medium=cpc&amp;utm_campaign=exp_gprojetos_concorrentes_outros&amp;gad_source=1&amp;gad_campaignid=22769817995&amp;gbraid=0AAAAADzb9o-dyWaBDifdJZVgFUn00eeRK&amp;gclid=Cj0KCQjwkILEBhDeARIsAL--pjwc66q-woWLEebtpTkjACAMYoo8EitKjCtWZHuxobVFgbz5XSl7yecaArB1EALw_wcB\" target=\"_blank\" rel=\"noopener\">MS Project<\/a><\/li>\n<li><a href=\"https:\/\/clickup.com\/lp\/compare\/asana-vs-clickup?utm_source=google&amp;utm_medium=cpc&amp;utm_campaign=gs_cpc_latam_nnc_nb_trial_all-devices_troas_lp_x_all-departments_x_competitor-asana&amp;utm_content=&amp;utm_term=asana&amp;utm_creative=720611014529__rsa&amp;utm_custom1=&amp;utm_custom2=&amp;utm_lptheme=&amp;utm_lpmod=&amp;utm_mt=b&amp;gad_source=1&amp;gad_campaignid=21890797334&amp;gbraid=0AAAAACR5vIKg35a0K6GJbu3qUL3ovrT2v&amp;gclid=Cj0KCQjwkILEBhDeARIsAL--pjx9MaagYIkxXbkSZSSsE13m-wuwqR0WZAqr6VYEXpIiSJO0R3CAzNsaAnHEEALw_wcB\" target=\"_blank\" rel=\"noopener\">Asana<\/a><\/li>\n<li><a href=\"https:\/\/docs.google.com\/spreadsheets\/create\" target=\"_blank\" rel=\"noopener\">Google Sheets<\/a><\/li>\n<li><a href=\"https:\/\/clickup.com\/lp\/features\/gantt-chart-view-software?utm_source=google&amp;utm_medium=cpc&amp;utm_campaign=gs_cpc_latam_nnc_nb_trial_all-devices_troas_lp_x_all-departments_x_gantt_v2&amp;utm_content=&amp;utm_term=gantt&amp;utm_creative=748962924224__&amp;utm_custom1=&amp;utm_custom2=&amp;utm_lptheme=&amp;utm_lpmod=&amp;utm_mt=e&amp;gad_source=1&amp;gad_campaignid=22489341772&amp;gbraid=0AAAAACR5vILCkjfA_G6j4QDgnkzj_GYZ6&amp;gclid=Cj0KCQjwkILEBhDeARIsAL--pjxzINq1rCd7waVlkwc0bLUsRDSr16Xwlru-B1u1f_p6wK0CnK_Wm2caAhxNEALw_wcB\" target=\"_blank\" rel=\"noopener\">Gantt<\/a><\/li>\n<li><a href=\"https:\/\/en.wikipedia.org\/wiki\/Stack-oriented_programming\" target=\"_blank\" rel=\"noopener\">Stack<\/a><\/li>\n<\/ul>\n<\/div>\n<\/div>\n<\/div>\n<\/div>\n<\/div>\n<\/div>\n<\/div>\n<p>[\/vc_column_text][vc_text_separator title=&#8221;Mind Maps&#8221; i_icon_fontawesome=&#8221;fas fa-file-download&#8221; i_color=&#8221;custom&#8221; title_align=&#8221;separator_align_left&#8221; css=&#8221;&#8221; add_icon=&#8221;true&#8221; i_custom_color=&#8221;#DD3333&#8243;][vc_column_text css=&#8221;&#8221;]<\/p>\n<div class=\"adn ads\" data-message-id=\"#msg-a:r-7063803493349559056\" data-legacy-message-id=\"198f09b4acf0e440\">\n<div class=\"gs\">\n<div class=\"\">\n<div id=\":14w\" class=\"ii gt\">\n<div id=\":14v\" class=\"a3s aiL \" role=\"region\" aria-label=\"Message body\">\n<div dir=\"ltr\">\n<div class=\"gmail_default\">\n<ul style=\"text-align: justify\">\n<li><a href=\"https:\/\/www.edrawsoft.com\/pt\/ad\/edraw-mindmap.html?gad_source=1&amp;gad_campaignid=10694946468&amp;gbraid=0AAAAACwvBeGiheTrp9tVIzDHO81-J68bB&amp;gclid=Cj0KCQjwkILEBhDeARIsAL--pjyay20lLtx9OOWLxzC1bKVjkbXsXWby2U9oTMWLoaEfCfDgdS9eiQUaAptIEALw_wcB\" target=\"_blank\" rel=\"noopener\">Mind Map Maker<\/a><\/li>\n<li><a href=\"https:\/\/freemind.sourceforge.io\/wiki\/index.php\/Main_Page\" target=\"_blank\" rel=\"noopener\">FreeMind<\/a><\/li>\n<li><a href=\"https:\/\/coggle.it\/\" target=\"_blank\" rel=\"noopener\">Coggle<\/a><\/li>\n<\/ul>\n<\/div>\n<\/div>\n<\/div>\n<\/div>\n<\/div>\n<\/div>\n<\/div>\n<p>[\/vc_column_text][vc_text_separator title=&#8221;Annotation Tools&#8221; i_icon_fontawesome=&#8221;fas fa-file-download&#8221; i_color=&#8221;custom&#8221; title_align=&#8221;separator_align_left&#8221; css=&#8221;&#8221; add_icon=&#8221;true&#8221; i_custom_color=&#8221;#DD3333&#8243;][vc_column_text css=&#8221;&#8221;]<\/p>\n<div class=\"adn ads\" data-message-id=\"#msg-a:r-7063803493349559056\" data-legacy-message-id=\"198f09b4acf0e440\">\n<div class=\"gs\">\n<div class=\"\">\n<div id=\":14w\" class=\"ii gt\">\n<div id=\":14v\" class=\"a3s aiL \" role=\"region\" aria-label=\"Message body\">\n<div dir=\"ltr\">\n<div class=\"gmail_default\">\n<ul style=\"text-align: justify\">\n<li><a href=\"https:\/\/keep.google.com\/\" target=\"_blank\" rel=\"noopener\">Google Keep<\/a><\/li>\n<li><a href=\"https:\/\/docs.google.com\/?hl=pt-BR\" target=\"_blank\" rel=\"noopener\">Google Docs<\/a><\/li>\n<li><a href=\"https:\/\/www.onenote.com\/\" target=\"_blank\" rel=\"noopener\">MS Onenote<\/a><\/li>\n<\/ul>\n<\/div>\n<\/div>\n<\/div>\n<\/div>\n<\/div>\n<\/div>\n<\/div>\n<p>[\/vc_column_text][vc_text_separator title=&#8221;Flowcharts and Diagrams&#8221; i_icon_fontawesome=&#8221;fas fa-file-download&#8221; i_color=&#8221;custom&#8221; title_align=&#8221;separator_align_left&#8221; css=&#8221;&#8221; add_icon=&#8221;true&#8221; i_custom_color=&#8221;#DD3333&#8243;][vc_column_text css=&#8221;&#8221;]<\/p>\n<div class=\"adn ads\" data-message-id=\"#msg-a:r-7063803493349559056\" data-legacy-message-id=\"198f09b4acf0e440\">\n<div class=\"gs\">\n<div class=\"\">\n<div id=\":14w\" class=\"ii gt\">\n<div id=\":14v\" class=\"a3s aiL \" role=\"region\" aria-label=\"Message body\">\n<div dir=\"ltr\">\n<div class=\"gmail_default\">\n<ul style=\"text-align: justify\">\n<li><a href=\"https:\/\/www.lucidchart.com\/pages\/pt\/landing\/omnigraffle-para-pc-e-mac?utm_source=google&amp;utm_medium=cpc&amp;utm_campaign=_chart_pt_allcountries_desktop_search_nb_exact_&amp;km_CPC_CampaignId=2074713332&amp;km_CPC_AdGroupID=71781868050&amp;km_CPC_Keyword=omnigraffle&amp;km_CPC_MatchType=e&amp;km_CPC_ExtensionID=&amp;km_CPC_Network=g&amp;km_CPC_AdPosition=&amp;km_CPC_Creative=374964681825&amp;km_CPC_TargetID=kwd-98768649&amp;km_CPC_Country=9074219&amp;km_CPC_Device=c&amp;km_CPC_placement=&amp;km_CPC_target=&amp;gad_source=1&amp;gad_campaignid=2074713332&amp;gbraid=0AAAAADLdSjANqf4dVli8mgd_dMwK9Ea_n&amp;gclid=Cj0KCQjwkILEBhDeARIsAL--pjwJfDgqa6368rS5LxiIOa4JWi2fhl3k0vXL2ejQvTZYpIbqMJoo-YAaAuF2EALw_wcB\" target=\"_blank\" rel=\"noopener\">OmniGraffle<\/a><\/li>\n<li><a href=\"https:\/\/clickup.com\/lp\/features\/gantt-chart-view?utm_source=google&amp;utm_medium=cpc&amp;utm_campaign=gs_cpc_latam_nnc_nb_trial_all-devices_troas_lp_x_all-departments_x_comp-misc&amp;utm_content=all-countries_kw-target_text_x_all-features_all-use-cases_Comp-Misc-Gantt-Lucidchart&amp;utm_term=lucid%20chart&amp;utm_creative=651388231183_Champion-4272023_rsa&amp;utm_custom1=comp&amp;utm_custom2=Lucidchart&amp;utm_lptheme=&amp;utm_lpmod=&amp;utm_mt=e&amp;gad_source=1&amp;gad_campaignid=19829065093&amp;gbraid=0AAAAACR5vIK-MZiJiPj6g43n4EIIrTeo2&amp;gclid=Cj0KCQjwkILEBhDeARIsAL--pjzYqmzdZ5c8JStGkRAe6ZYFWqYJCCDNH-5q_1AfdgYVay8zdfGQZWAaAru3EALw_wcB\" target=\"_blank\" rel=\"noopener\">Lucidchart<\/a><\/li>\n<li><a class=\"gmail-css-1rn59kg\" title=\"http:\/\/draw.io\" href=\"http:\/\/draw.io\/\">draw.io<\/a><\/li>\n<li><a href=\"https:\/\/www.adobe.com\/br\/products\/illustrator\/campaign\/pricing.html?sdid=YP7XG2CB&amp;mv=search&amp;mv2=paidsearch&amp;ef_id=Cj0KCQjwkILEBhDeARIsAL--pjxPOaUZP1f2Qajba0VClUJAScDlh_cRF1PBxf9BpLf7BbomwadCqRAaAmgLEALw_wcB:G:s&amp;s_kwcid=AL!3085!3!442396626644!e!!g!!illustrator!188190582!10039578942&amp;gad_source=1&amp;gad_campaignid=188190582&amp;gbraid=0AAAAADxybVomkgd8HT8nlTLUAuSgVUkBG&amp;gclid=Cj0KCQjwkILEBhDeARIsAL--pjxPOaUZP1f2Qajba0VClUJAScDlh_cRF1PBxf9BpLf7BbomwadCqRAaAmgLEALw_wcB\" target=\"_blank\" rel=\"noopener\">Illustrator<\/a><\/li>\n<li><a href=\"https:\/\/inkscape.softonic.com.br\/\" target=\"_blank\" rel=\"noopener\">Inkscape<\/a><\/li>\n<\/ul>\n<\/div>\n<\/div>\n<\/div>\n<\/div>\n<\/div>\n<\/div>\n<\/div>\n<p>[\/vc_column_text][\/vc_column][\/vc_row]<\/p>\n<\/div>","protected":false},"excerpt":{"rendered":"<p>[vc_row][vc_column width=&#8221;2\/3&#8243;][vc_column_text css=&#8221;&#8221;] The purpose of this course is to present to graduate students the general aspects of: scientific production paper preparation IMRAD style writing and submission process. [\/vc_column_text][vc_text_separator title=&#8221;Steps&#8221; i_icon_fontawesome=&#8221;fas fa-tasks&#8221; i_color=&#8221;custom&#8221; title_align=&#8221;separator_align_left&#8221; css=&#8221;&#8221; add_icon=&#8221;true&#8221; i_custom_color=&#8221;#DD3333&#8243;][vc_column_text css=&#8221;&#8221;] Part I: Fundamentals. Part II: Paper writing. Part III: Final project. [\/vc_column_text][vc_text_separator title=&#8221;Bibliography&#8221; i_type=&#8221;entypo&#8221; i_icon_entypo=&#8221;entypo-icon entypo-icon-book&#8221; i_color=&#8221;custom&#8221; <a class=\"leiamais\" href=\"https:\/\/professores.uepb.edu.br\/wilker\/teaching\/scientific-production\/\">Leia Mais&#8230;<\/a><\/p>\n","protected":false},"author":5,"featured_media":1618,"parent":68,"menu_order":0,"comment_status":"open","ping_status":"open","template":"","meta":{"footnotes":""},"class_list":["post-1372","page","type-page","status-publish","has-post-thumbnail","hentry"],"_links":{"self":[{"href":"https:\/\/professores.uepb.edu.br\/wilker\/wp-json\/wp\/v2\/pages\/1372","targetHints":{"allow":["GET"]}}],"collection":[{"href":"https:\/\/professores.uepb.edu.br\/wilker\/wp-json\/wp\/v2\/pages"}],"about":[{"href":"https:\/\/professores.uepb.edu.br\/wilker\/wp-json\/wp\/v2\/types\/page"}],"author":[{"embeddable":true,"href":"https:\/\/professores.uepb.edu.br\/wilker\/wp-json\/wp\/v2\/users\/5"}],"replies":[{"embeddable":true,"href":"https:\/\/professores.uepb.edu.br\/wilker\/wp-json\/wp\/v2\/comments?post=1372"}],"version-history":[{"count":54,"href":"https:\/\/professores.uepb.edu.br\/wilker\/wp-json\/wp\/v2\/pages\/1372\/revisions"}],"predecessor-version":[{"id":1621,"href":"https:\/\/professores.uepb.edu.br\/wilker\/wp-json\/wp\/v2\/pages\/1372\/revisions\/1621"}],"up":[{"embeddable":true,"href":"https:\/\/professores.uepb.edu.br\/wilker\/wp-json\/wp\/v2\/pages\/68"}],"wp:featuredmedia":[{"embeddable":true,"href":"https:\/\/professores.uepb.edu.br\/wilker\/wp-json\/wp\/v2\/media\/1618"}],"wp:attachment":[{"href":"https:\/\/professores.uepb.edu.br\/wilker\/wp-json\/wp\/v2\/media?parent=1372"}],"curies":[{"name":"wp","href":"https:\/\/api.w.org\/{rel}","templated":true}]}}